{"id":843,"date":"2022-09-27T18:27:39","date_gmt":"2022-09-27T18:27:39","guid":{"rendered":"https:\/\/www.snowconsulting.com.tr\/?page_id=843"},"modified":"2023-03-07T16:30:48","modified_gmt":"2023-03-07T16:30:48","slug":"information","status":"publish","type":"page","link":"https:\/\/www.snowconsulting.com.tr\/en\/information\/","title":{"rendered":"\u00dcsk\u00fcdar Office"},"content":{"rendered":"<div data-elementor-type=\"wp-page\" data-elementor-id=\"843\" class=\"elementor elementor-843\" data-elementor-post-type=\"page\">\n\t\t\t\t\t\t\t\t\t<section class=\"elementor-section elementor-top-section elementor-element elementor-element-d1f264f elementor-section-boxed elementor-section-height-default elementor-section-height-default\" data-id=\"d1f264f\" data-element_type=\"section\">\n\t\t\t\t\t\t<div class=\"elementor-container elementor-column-gap-default\">\n\t\t\t\t\t<div class=\"elementor-column elementor-col-50 elementor-top-column elementor-element elementor-element-1e9989c\" data-id=\"1e9989c\" data-element_type=\"column\">\n\t\t\t<div class=\"elementor-widget-wrap elementor-element-populated\">\n\t\t\t\t\t\t\t\t<div class=\"elementor-element elementor-element-a95f9c4 elementor-widget elementor-widget-heading\" data-id=\"a95f9c4\" data-element_type=\"widget\" data-widget_type=\"heading.default\">\n\t\t\t\t<div class=\"elementor-widget-container\">\n\t\t\t<style>\/*! elementor - v3.16.0 - 17-10-2023 *\/\n.elementor-heading-title{padding:0;margin:0;line-height:1}.elementor-widget-heading .elementor-heading-title[class*=elementor-size-]>a{color:inherit;font-size:inherit;line-height:inherit}.elementor-widget-heading .elementor-heading-title.elementor-size-small{font-size:15px}.elementor-widget-heading .elementor-heading-title.elementor-size-medium{font-size:19px}.elementor-widget-heading .elementor-heading-title.elementor-size-large{font-size:29px}.elementor-widget-heading .elementor-heading-title.elementor-size-xl{font-size:39px}.elementor-widget-heading .elementor-heading-title.elementor-size-xxl{font-size:59px}<\/style><h2 class=\"elementor-heading-title elementor-size-default\">\nWhat&#039;s going on?\n\n\n<\/h2>\t\t<\/div>\n\t\t\t\t<\/div>\n\t\t\t\t<div class=\"elementor-element elementor-element-41c470d elementor-widget elementor-widget-text-editor\" data-id=\"41c470d\" data-element_type=\"widget\" data-widget_type=\"text-editor.default\">\n\t\t\t\t<div class=\"elementor-widget-container\">\n\t\t\t<style>\/*! elementor - v3.16.0 - 17-10-2023 *\/\n.elementor-widget-text-editor.elementor-drop-cap-view-stacked .elementor-drop-cap{background-color:#69727d;color:#fff}.elementor-widget-text-editor.elementor-drop-cap-view-framed .elementor-drop-cap{color:#69727d;border:3px solid;background-color:transparent}.elementor-widget-text-editor:not(.elementor-drop-cap-view-default) .elementor-drop-cap{margin-top:8px}.elementor-widget-text-editor:not(.elementor-drop-cap-view-default) .elementor-drop-cap-letter{width:1em;height:1em}.elementor-widget-text-editor .elementor-drop-cap{float:left;text-align:center;line-height:1;font-size:50px}.elementor-widget-text-editor .elementor-drop-cap-letter{display:inline-block}<\/style>\t\t\t\t<p>Snow Consulting, founded in 2019, when the targets we have set compatible with life. Now, this is one of the most exciting of the targets we carry. The most exciting why? The secret in this building we intend to do the jobs.<\/p>\t\t\t\t\t\t<\/div>\n\t\t\t\t<\/div>\n\t\t\t\t\t<\/div>\n\t\t<\/div>\n\t\t\t\t<div class=\"elementor-column elementor-col-50 elementor-top-column elementor-element elementor-element-6564e45\" data-id=\"6564e45\" data-element_type=\"column\">\n\t\t\t<div class=\"elementor-widget-wrap elementor-element-populated\">\n\t\t\t\t\t\t\t\t<div class=\"elementor-element elementor-element-34895dd e-transform elementor-widget elementor-widget-image\" data-id=\"34895dd\" data-element_type=\"widget\" data-settings=\"{&quot;_transform_scale_effect_hover&quot;:{&quot;unit&quot;:&quot;px&quot;,&quot;size&quot;:1.05,&quot;sizes&quot;:[]},&quot;_transform_scale_effect_hover_tablet&quot;:{&quot;unit&quot;:&quot;px&quot;,&quot;size&quot;:&quot;&quot;,&quot;sizes&quot;:[]},&quot;_transform_scale_effect_hover_mobile&quot;:{&quot;unit&quot;:&quot;px&quot;,&quot;size&quot;:&quot;&quot;,&quot;sizes&quot;:[]}}\" data-widget_type=\"image.default\">\n\t\t\t\t<div class=\"elementor-widget-container\">\n\t\t\t<style>\/*! elementor - v3.16.0 - 17-10-2023 *\/\n.elementor-widget-image{text-align:center}.elementor-widget-image a{display:inline-block}.elementor-widget-image a img[src$=\".svg\"]{width:48px}.elementor-widget-image img{vertical-align:middle;display:inline-block}<\/style>\t\t\t\t\t\t\t\t\t\t\t\t<img loading=\"lazy\" decoding=\"async\" width=\"800\" height=\"450\" src=\"https:\/\/www.snowconsulting.com.tr\/wp-content\/uploads\/2022\/09\/Adsiz-tasarim-1-1024x576.png\" class=\"attachment-large size-large wp-image-897\" alt=\"\" srcset=\"https:\/\/www.snowconsulting.com.tr\/wp-content\/uploads\/2022\/09\/Adsiz-tasarim-1-1024x576.png 1024w, https:\/\/www.snowconsulting.com.tr\/wp-content\/uploads\/2022\/09\/Adsiz-tasarim-1-300x169.png 300w, https:\/\/www.snowconsulting.com.tr\/wp-content\/uploads\/2022\/09\/Adsiz-tasarim-1-768x432.png 768w, https:\/\/www.snowconsulting.com.tr\/wp-content\/uploads\/2022\/09\/Adsiz-tasarim-1-1536x864.png 1536w, https:\/\/www.snowconsulting.com.tr\/wp-content\/uploads\/2022\/09\/Adsiz-tasarim-1-2048x1151.png 2048w\" sizes=\"auto, (max-width: 800px) 100vw, 800px\" \/>\t\t\t\t\t\t\t\t\t\t\t\t\t\t\t<\/div>\n\t\t\t\t<\/div>\n\t\t\t\t\t<\/div>\n\t\t<\/div>\n\t\t\t\t\t\t\t<\/div>\n\t\t<\/section>\n\t\t\t\t<section class=\"elementor-section elementor-top-section elementor-element elementor-element-87e64b3 elementor-section-content-middle elementor-reverse-tablet elementor-reverse-mobile elementor-section-boxed elementor-section-height-default elementor-section-height-default\" data-id=\"87e64b3\" data-element_type=\"section\">\n\t\t\t\t\t\t<div class=\"elementor-container elementor-column-gap-default\">\n\t\t\t\t\t<div class=\"elementor-column elementor-col-50 elementor-top-column elementor-element elementor-element-3822aa5\" data-id=\"3822aa5\" data-element_type=\"column\">\n\t\t\t<div class=\"elementor-widget-wrap elementor-element-populated\">\n\t\t\t\t\t\t\t\t<div class=\"elementor-element elementor-element-0399006 e-transform elementor-widget elementor-widget-image\" data-id=\"0399006\" data-element_type=\"widget\" data-settings=\"{&quot;_transform_scale_effect_hover&quot;:{&quot;unit&quot;:&quot;px&quot;,&quot;size&quot;:1.05,&quot;sizes&quot;:[]},&quot;_transform_scale_effect_hover_tablet&quot;:{&quot;unit&quot;:&quot;px&quot;,&quot;size&quot;:&quot;&quot;,&quot;sizes&quot;:[]},&quot;_transform_scale_effect_hover_mobile&quot;:{&quot;unit&quot;:&quot;px&quot;,&quot;size&quot;:&quot;&quot;,&quot;sizes&quot;:[]}}\" data-widget_type=\"image.default\">\n\t\t\t\t<div class=\"elementor-widget-container\">\n\t\t\t\t\t\t\t\t\t\t\t\t\t\t\t<img loading=\"lazy\" decoding=\"async\" width=\"800\" height=\"534\" src=\"https:\/\/www.snowconsulting.com.tr\/wp-content\/uploads\/2023\/03\/IMG_6167-1024x683.jpg\" class=\"attachment-large size-large wp-image-1220\" alt=\"\u00dcsk\u00fcdar Office\" srcset=\"https:\/\/www.snowconsulting.com.tr\/wp-content\/uploads\/2023\/03\/IMG_6167-1024x683.jpg 1024w, https:\/\/www.snowconsulting.com.tr\/wp-content\/uploads\/2023\/03\/IMG_6167-300x200.jpg 300w, https:\/\/www.snowconsulting.com.tr\/wp-content\/uploads\/2023\/03\/IMG_6167-768x512.jpg 768w, https:\/\/www.snowconsulting.com.tr\/wp-content\/uploads\/2023\/03\/IMG_6167-1536x1024.jpg 1536w, https:\/\/www.snowconsulting.com.tr\/wp-content\/uploads\/2023\/03\/IMG_6167-2048x1365.jpg 2048w\" sizes=\"auto, (max-width: 800px) 100vw, 800px\" \/>\t\t\t\t\t\t\t\t\t\t\t\t\t\t\t<\/div>\n\t\t\t\t<\/div>\n\t\t\t\t\t<\/div>\n\t\t<\/div>\n\t\t\t\t<div class=\"elementor-column elementor-col-50 elementor-top-column elementor-element elementor-element-e6f897c\" data-id=\"e6f897c\" data-element_type=\"column\">\n\t\t\t<div class=\"elementor-widget-wrap elementor-element-populated\">\n\t\t\t\t\t\t\t\t<div class=\"elementor-element elementor-element-f2de59c elementor-widget elementor-widget-heading\" data-id=\"f2de59c\" data-element_type=\"widget\" data-widget_type=\"heading.default\">\n\t\t\t\t<div class=\"elementor-widget-container\">\n\t\t\t<h2 class=\"elementor-heading-title elementor-size-default\">What is this snow Consulting?<\/h2>\t\t<\/div>\n\t\t\t\t<\/div>\n\t\t\t\t<div class=\"elementor-element elementor-element-3843793 elementor-widget elementor-widget-text-editor\" data-id=\"3843793\" data-element_type=\"widget\" data-widget_type=\"text-editor.default\">\n\t\t\t\t<div class=\"elementor-widget-container\">\n\t\t\t\t\t\t\t<p>Snow Consulting, foreign student with the Center for education, finance and investment with the brand Finvestinist Good with the event organization, the project aim project writing and consulting, agency and Media brand with social media, Retweet, and finally blue with the brand that does work in the field of psychology the psychology consulting company. Areas we serve for 2 years and now we&#039;re in this building is also impressive for independence in a work environment we are planning.&nbsp;<\/p>\n<p>\u00dcsk\u00fcdar branch in our \u201dvirtual office\u201d we are implementing the project.&nbsp;<\/p>\n<p>Podcast room, studio, Stage use, etc. users who wish to make available fields we lease.<\/p>\n<p>Among all the things we&#039;ve done, we&#039;ve dreamed of since the first time we&#039;ll raise that to introduce a new brand: Fractal<\/p>\t\t\t\t\t\t<\/div>\n\t\t\t\t<\/div>\n\t\t\t\t\t<\/div>\n\t\t<\/div>\n\t\t\t\t\t\t\t<\/div>\n\t\t<\/section>\n\t\t\t\t<section class=\"elementor-section elementor-top-section elementor-element elementor-element-52d7d8a elementor-section-content-middle elementor-section-boxed elementor-section-height-default elementor-section-height-default\" data-id=\"52d7d8a\" data-element_type=\"section\">\n\t\t\t\t\t\t<div class=\"elementor-container elementor-column-gap-default\">\n\t\t\t\t\t<div class=\"elementor-column elementor-col-50 elementor-top-column elementor-element elementor-element-6bbbd59\" data-id=\"6bbbd59\" data-element_type=\"column\">\n\t\t\t<div class=\"elementor-widget-wrap elementor-element-populated\">\n\t\t\t\t\t\t\t\t<div class=\"elementor-element elementor-element-deea1b6 elementor-widget elementor-widget-text-editor\" data-id=\"deea1b6\" data-element_type=\"widget\" data-widget_type=\"text-editor.default\">\n\t\t\t\t<div class=\"elementor-widget-container\">\n\t\t\t\t\t\t\t<p>Fractal, living in Istanbul, Istanbul on the way or falling-tech nomads with the idea of being the center of attraction is being established. People of various nationalities, these offices and co-working space, using carefully constructed through training we offer networking opportunities through work will have the opportunity to develop themselves and socializing.<\/p><p>Our goal is well-crafted to steer society better software products with effective and high-value software developers who can collaborate on projects, and create a team of others.<\/p><p>Co-working space, in addition to UX design throughout the Year, block-chain, Urban Planning and environment, civilization, and history on themes such as conferences and courses we will be hosting.<\/p>\t\t\t\t\t\t<\/div>\n\t\t\t\t<\/div>\n\t\t\t\t\t<\/div>\n\t\t<\/div>\n\t\t\t\t<div class=\"elementor-column elementor-col-50 elementor-top-column elementor-element elementor-element-956f25c\" data-id=\"956f25c\" data-element_type=\"column\">\n\t\t\t<div class=\"elementor-widget-wrap elementor-element-populated\">\n\t\t\t\t\t\t\t\t<div class=\"elementor-element elementor-element-09465d5 e-transform elementor-widget elementor-widget-image\" data-id=\"09465d5\" data-element_type=\"widget\" data-settings=\"{&quot;_transform_scale_effect_hover&quot;:{&quot;unit&quot;:&quot;px&quot;,&quot;size&quot;:1.05,&quot;sizes&quot;:[]},&quot;_transform_scale_effect_hover_tablet&quot;:{&quot;unit&quot;:&quot;px&quot;,&quot;size&quot;:&quot;&quot;,&quot;sizes&quot;:[]},&quot;_transform_scale_effect_hover_mobile&quot;:{&quot;unit&quot;:&quot;px&quot;,&quot;size&quot;:&quot;&quot;,&quot;sizes&quot;:[]}}\" data-widget_type=\"image.default\">\n\t\t\t\t<div class=\"elementor-widget-container\">\n\t\t\t\t\t\t\t\t\t\t\t\t\t\t\t<img loading=\"lazy\" decoding=\"async\" width=\"800\" height=\"534\" src=\"https:\/\/www.snowconsulting.com.tr\/wp-content\/uploads\/2023\/01\/IMG_5433-1024x683.jpg\" class=\"attachment-large size-large wp-image-1001\" alt=\"\" srcset=\"https:\/\/www.snowconsulting.com.tr\/wp-content\/uploads\/2023\/01\/IMG_5433-1024x683.jpg 1024w, https:\/\/www.snowconsulting.com.tr\/wp-content\/uploads\/2023\/01\/IMG_5433-300x200.jpg 300w, https:\/\/www.snowconsulting.com.tr\/wp-content\/uploads\/2023\/01\/IMG_5433-768x512.jpg 768w, https:\/\/www.snowconsulting.com.tr\/wp-content\/uploads\/2023\/01\/IMG_5433-1536x1024.jpg 1536w, https:\/\/www.snowconsulting.com.tr\/wp-content\/uploads\/2023\/01\/IMG_5433-2048x1365.jpg 2048w\" sizes=\"auto, (max-width: 800px) 100vw, 800px\" \/>\t\t\t\t\t\t\t\t\t\t\t\t\t\t\t<\/div>\n\t\t\t\t<\/div>\n\t\t\t\t\t<\/div>\n\t\t<\/div>\n\t\t\t\t\t\t\t<\/div>\n\t\t<\/section>\n\t\t\t\t\t\t\t<\/div>","protected":false},"excerpt":{"rendered":"<p>Neler oluyor? Snow Consulting\u2019i 2019\u2019da kurdu\u011fumuzda, hayat\u0131 ya\u015fay\u0131\u015f\u0131m\u0131zla uyumlu hedefler belirlemi\u015ftik. \u015eimdi, bu hedeflerden en heyecan verici olan\u0131n\u0131 ger\u00e7ekle\u015ftiriyoruz. Neden mi en heyecan verici? S\u0131rr\u0131, bu binada yapmay\u0131 planlad\u0131\u011f\u0131m\u0131z i\u015flerde. Nedir bu Snow Consulting? Snow Consulting, Foreign Student Center ile&nbsp; e\u011fitim, Finvestinist markas\u0131 ile finans ve yat\u0131r\u0131m, Good Event ile organizasyon, Aim Project ile proje [&hellip;]<\/p>","protected":false},"author":1,"featured_media":0,"parent":0,"menu_order":0,"comment_status":"closed","ping_status":"closed","template":"","meta":{"footnotes":""},"class_list":["post-843","page","type-page","status-publish","hentry"],"yoast_head":"<!-- This site is optimized with the Yoast SEO plugin v27.4 - https:\/\/yoast.com\/product\/yoast-seo-wordpress\/ -->\n<title>\u00dcsk\u00fcdar Ofis - Snow Consulting<\/title>\n<meta name=\"robots\" content=\"index, follow, max-snippet:-1, max-image-preview:large, max-video-preview:-1\" \/>\n<link rel=\"canonical\" href=\"https:\/\/www.snowconsulting.com.tr\/en\/information\/\" \/>\n<meta property=\"og:locale\" content=\"en_US\" \/>\n<meta property=\"og:type\" content=\"article\" \/>\n<meta property=\"og:title\" content=\"\u00dcsk\u00fcdar Ofis - Snow Consulting\" \/>\n<meta property=\"og:description\" content=\"Neler oluyor? Snow Consulting\u2019i 2019\u2019da kurdu\u011fumuzda, hayat\u0131 ya\u015fay\u0131\u015f\u0131m\u0131zla uyumlu hedefler belirlemi\u015ftik. \u015eimdi, bu hedeflerden en heyecan verici olan\u0131n\u0131 ger\u00e7ekle\u015ftiriyoruz. Neden mi en heyecan verici? S\u0131rr\u0131, bu binada yapmay\u0131 planlad\u0131\u011f\u0131m\u0131z i\u015flerde. Nedir bu Snow Consulting? Snow Consulting, Foreign Student Center ile&nbsp; e\u011fitim, Finvestinist markas\u0131 ile finans ve yat\u0131r\u0131m, Good Event ile organizasyon, Aim Project ile proje [&hellip;]\" \/>\n<meta property=\"og:url\" content=\"https:\/\/www.snowconsulting.com.tr\/en\/information\/\" \/>\n<meta property=\"og:site_name\" content=\"Snow Consulting\" \/>\n<meta property=\"article:modified_time\" content=\"2023-03-07T16:30:48+00:00\" \/>\n<meta property=\"og:image\" content=\"https:\/\/www.snowconsulting.com.tr\/wp-content\/uploads\/2022\/09\/Adsiz-tasarim-1-1024x576.png\" \/>\n<meta name=\"twitter:card\" content=\"summary_large_image\" \/>\n<meta name=\"twitter:site\" content=\"@consulting_snow\" \/>\n<meta name=\"twitter:label1\" content=\"Est. reading time\" \/>\n\t<meta name=\"twitter:data1\" content=\"2 minutes\" \/>\n<script type=\"application\/ld+json\" class=\"yoast-schema-graph\">{\"@context\":\"https:\\\/\\\/schema.org\",\"@graph\":[{\"@type\":\"WebPage\",\"@id\":\"https:\\\/\\\/www.snowconsulting.com.tr\\\/information\\\/\",\"url\":\"https:\\\/\\\/www.snowconsulting.com.tr\\\/information\\\/\",\"name\":\"\u00dcsk\u00fcdar Ofis - Snow Consulting\",\"isPartOf\":{\"@id\":\"https:\\\/\\\/www.snowconsulting.com.tr\\\/#website\"},\"primaryImageOfPage\":{\"@id\":\"https:\\\/\\\/www.snowconsulting.com.tr\\\/information\\\/#primaryimage\"},\"image\":{\"@id\":\"https:\\\/\\\/www.snowconsulting.com.tr\\\/information\\\/#primaryimage\"},\"thumbnailUrl\":\"https:\\\/\\\/www.snowconsulting.com.tr\\\/wp-content\\\/uploads\\\/2022\\\/09\\\/Adsiz-tasarim-1-1024x576.png\",\"datePublished\":\"2022-09-27T18:27:39+00:00\",\"dateModified\":\"2023-03-07T16:30:48+00:00\",\"breadcrumb\":{\"@id\":\"https:\\\/\\\/www.snowconsulting.com.tr\\\/information\\\/#breadcrumb\"},\"inLanguage\":\"en-US\",\"potentialAction\":[{\"@type\":\"ReadAction\",\"target\":[\"https:\\\/\\\/www.snowconsulting.com.tr\\\/information\\\/\"]}]},{\"@type\":\"ImageObject\",\"inLanguage\":\"en-US\",\"@id\":\"https:\\\/\\\/www.snowconsulting.com.tr\\\/information\\\/#primaryimage\",\"url\":\"https:\\\/\\\/www.snowconsulting.com.tr\\\/wp-content\\\/uploads\\\/2022\\\/09\\\/Adsiz-tasarim-1-1024x576.png\",\"contentUrl\":\"https:\\\/\\\/www.snowconsulting.com.tr\\\/wp-content\\\/uploads\\\/2022\\\/09\\\/Adsiz-tasarim-1-1024x576.png\"},{\"@type\":\"BreadcrumbList\",\"@id\":\"https:\\\/\\\/www.snowconsulting.com.tr\\\/information\\\/#breadcrumb\",\"itemListElement\":[{\"@type\":\"ListItem\",\"position\":1,\"name\":\"Anasayfa\",\"item\":\"https:\\\/\\\/www.snowconsulting.com.tr\\\/\"},{\"@type\":\"ListItem\",\"position\":2,\"name\":\"\u00dcsk\u00fcdar Ofis\"}]},{\"@type\":\"WebSite\",\"@id\":\"https:\\\/\\\/www.snowconsulting.com.tr\\\/#website\",\"url\":\"https:\\\/\\\/www.snowconsulting.com.tr\\\/\",\"name\":\"Snow Consulting\",\"description\":\"Snow Consulting\",\"publisher\":{\"@id\":\"https:\\\/\\\/www.snowconsulting.com.tr\\\/#organization\"},\"potentialAction\":[{\"@type\":\"SearchAction\",\"target\":{\"@type\":\"EntryPoint\",\"urlTemplate\":\"https:\\\/\\\/www.snowconsulting.com.tr\\\/?s={search_term_string}\"},\"query-input\":{\"@type\":\"PropertyValueSpecification\",\"valueRequired\":true,\"valueName\":\"search_term_string\"}}],\"inLanguage\":\"en-US\"},{\"@type\":\"Organization\",\"@id\":\"https:\\\/\\\/www.snowconsulting.com.tr\\\/#organization\",\"name\":\"Snow Consulting\",\"url\":\"https:\\\/\\\/www.snowconsulting.com.tr\\\/\",\"logo\":{\"@type\":\"ImageObject\",\"inLanguage\":\"en-US\",\"@id\":\"https:\\\/\\\/www.snowconsulting.com.tr\\\/#\\\/schema\\\/logo\\\/image\\\/\",\"url\":\"https:\\\/\\\/www.snowconsulting.com.tr\\\/wp-content\\\/uploads\\\/2021\\\/12\\\/snow-v4.png\",\"contentUrl\":\"https:\\\/\\\/www.snowconsulting.com.tr\\\/wp-content\\\/uploads\\\/2021\\\/12\\\/snow-v4.png\",\"width\":733,\"height\":191,\"caption\":\"Snow Consulting\"},\"image\":{\"@id\":\"https:\\\/\\\/www.snowconsulting.com.tr\\\/#\\\/schema\\\/logo\\\/image\\\/\"},\"sameAs\":[\"https:\\\/\\\/x.com\\\/consulting_snow\"]}]}<\/script>\n<!-- \/ Yoast SEO plugin. -->","yoast_head_json":{"title":"\u00dcsk\u00fcdar Ofis - Snow Consulting","robots":{"index":"index","follow":"follow","max-snippet":"max-snippet:-1","max-image-preview":"max-image-preview:large","max-video-preview":"max-video-preview:-1"},"canonical":"https:\/\/www.snowconsulting.com.tr\/en\/information\/","og_locale":"en_US","og_type":"article","og_title":"\u00dcsk\u00fcdar Ofis - Snow Consulting","og_description":"Neler oluyor? Snow Consulting\u2019i 2019\u2019da kurdu\u011fumuzda, hayat\u0131 ya\u015fay\u0131\u015f\u0131m\u0131zla uyumlu hedefler belirlemi\u015ftik. \u015eimdi, bu hedeflerden en heyecan verici olan\u0131n\u0131 ger\u00e7ekle\u015ftiriyoruz. Neden mi en heyecan verici? S\u0131rr\u0131, bu binada yapmay\u0131 planlad\u0131\u011f\u0131m\u0131z i\u015flerde. Nedir bu Snow Consulting? Snow Consulting, Foreign Student Center ile&nbsp; e\u011fitim, Finvestinist markas\u0131 ile finans ve yat\u0131r\u0131m, Good Event ile organizasyon, Aim Project ile proje [&hellip;]","og_url":"https:\/\/www.snowconsulting.com.tr\/en\/information\/","og_site_name":"Snow Consulting","article_modified_time":"2023-03-07T16:30:48+00:00","og_image":[{"url":"https:\/\/www.snowconsulting.com.tr\/wp-content\/uploads\/2022\/09\/Adsiz-tasarim-1-1024x576.png","type":"","width":"","height":""}],"twitter_card":"summary_large_image","twitter_site":"@consulting_snow","twitter_misc":{"Est. reading time":"2 minutes"},"schema":{"@context":"https:\/\/schema.org","@graph":[{"@type":"WebPage","@id":"https:\/\/www.snowconsulting.com.tr\/information\/","url":"https:\/\/www.snowconsulting.com.tr\/information\/","name":"\u00dcsk\u00fcdar Ofis - Snow Consulting","isPartOf":{"@id":"https:\/\/www.snowconsulting.com.tr\/#website"},"primaryImageOfPage":{"@id":"https:\/\/www.snowconsulting.com.tr\/information\/#primaryimage"},"image":{"@id":"https:\/\/www.snowconsulting.com.tr\/information\/#primaryimage"},"thumbnailUrl":"https:\/\/www.snowconsulting.com.tr\/wp-content\/uploads\/2022\/09\/Adsiz-tasarim-1-1024x576.png","datePublished":"2022-09-27T18:27:39+00:00","dateModified":"2023-03-07T16:30:48+00:00","breadcrumb":{"@id":"https:\/\/www.snowconsulting.com.tr\/information\/#breadcrumb"},"inLanguage":"en-US","potentialAction":[{"@type":"ReadAction","target":["https:\/\/www.snowconsulting.com.tr\/information\/"]}]},{"@type":"ImageObject","inLanguage":"en-US","@id":"https:\/\/www.snowconsulting.com.tr\/information\/#primaryimage","url":"https:\/\/www.snowconsulting.com.tr\/wp-content\/uploads\/2022\/09\/Adsiz-tasarim-1-1024x576.png","contentUrl":"https:\/\/www.snowconsulting.com.tr\/wp-content\/uploads\/2022\/09\/Adsiz-tasarim-1-1024x576.png"},{"@type":"BreadcrumbList","@id":"https:\/\/www.snowconsulting.com.tr\/information\/#breadcrumb","itemListElement":[{"@type":"ListItem","position":1,"name":"Anasayfa","item":"https:\/\/www.snowconsulting.com.tr\/"},{"@type":"ListItem","position":2,"name":"\u00dcsk\u00fcdar Ofis"}]},{"@type":"WebSite","@id":"https:\/\/www.snowconsulting.com.tr\/#website","url":"https:\/\/www.snowconsulting.com.tr\/","name":"Snow Consulting","description":"Snow Consulting","publisher":{"@id":"https:\/\/www.snowconsulting.com.tr\/#organization"},"potentialAction":[{"@type":"SearchAction","target":{"@type":"EntryPoint","urlTemplate":"https:\/\/www.snowconsulting.com.tr\/?s={search_term_string}"},"query-input":{"@type":"PropertyValueSpecification","valueRequired":true,"valueName":"search_term_string"}}],"inLanguage":"en-US"},{"@type":"Organization","@id":"https:\/\/www.snowconsulting.com.tr\/#organization","name":"Snow Consulting","url":"https:\/\/www.snowconsulting.com.tr\/","logo":{"@type":"ImageObject","inLanguage":"en-US","@id":"https:\/\/www.snowconsulting.com.tr\/#\/schema\/logo\/image\/","url":"https:\/\/www.snowconsulting.com.tr\/wp-content\/uploads\/2021\/12\/snow-v4.png","contentUrl":"https:\/\/www.snowconsulting.com.tr\/wp-content\/uploads\/2021\/12\/snow-v4.png","width":733,"height":191,"caption":"Snow Consulting"},"image":{"@id":"https:\/\/www.snowconsulting.com.tr\/#\/schema\/logo\/image\/"},"sameAs":["https:\/\/x.com\/consulting_snow"]}]}},"_links":{"self":[{"href":"https:\/\/www.snowconsulting.com.tr\/en\/wp-json\/wp\/v2\/pages\/843","targetHints":{"allow":["GET"]}}],"collection":[{"href":"https:\/\/www.snowconsulting.com.tr\/en\/wp-json\/wp\/v2\/pages"}],"about":[{"href":"https:\/\/www.snowconsulting.com.tr\/en\/wp-json\/wp\/v2\/types\/page"}],"author":[{"embeddable":true,"href":"https:\/\/www.snowconsulting.com.tr\/en\/wp-json\/wp\/v2\/users\/1"}],"replies":[{"embeddable":true,"href":"https:\/\/www.snowconsulting.com.tr\/en\/wp-json\/wp\/v2\/comments?post=843"}],"version-history":[{"count":0,"href":"https:\/\/www.snowconsulting.com.tr\/en\/wp-json\/wp\/v2\/pages\/843\/revisions"}],"wp:attachment":[{"href":"https:\/\/www.snowconsulting.com.tr\/en\/wp-json\/wp\/v2\/media?parent=843"}],"curies":[{"name":"wp","href":"https:\/\/api.w.org\/{rel}","templated":true}]}}